{"id":6017,"date":"2020-12-27T20:03:49","date_gmt":"2020-12-27T20:03:49","guid":{"rendered":"https:\/\/webdesign-pilich.de\/?page_id=6017"},"modified":"2020-12-28T18:44:59","modified_gmt":"2020-12-28T18:44:59","slug":"impressum","status":"publish","type":"page","link":"https:\/\/webdesign-pilich.de\/?page_id=6017","title":{"rendered":"Impressum"},"content":{"rendered":"<div data-colibri-id=\"6017-c1\" class=\"style-1037 style-local-6017-c1 position-relative\">\n  <!---->\n  <div data-colibri-component=\"section\" data-colibri-id=\"6017-c2\" id=\"overlappable-2\" class=\"h-section h-section-global-spacing d-flex align-items-lg-center align-items-md-center align-items-center style-1045 style-local-6017-c2 position-relative\">\n    <!---->\n    <!---->\n    <div class=\"h-section-grid-container h-section-boxed-container\">\n      <!---->\n      <div data-colibri-id=\"6017-c3\" class=\"h-row-container gutters-row-lg-0 gutters-row-md-0 gutters-row-2 gutters-row-v-lg-0 gutters-row-v-md-0 gutters-row-v-2 style-1046 style-local-6017-c3 position-relative\">\n        <!---->\n        <div class=\"h-row justify-content-lg-center justify-content-md-center justify-content-center align-items-lg-stretch align-items-md-stretch align-items-stretch gutters-col-lg-0 gutters-col-md-0 gutters-col-2 gutters-col-v-lg-0 gutters-col-v-md-0 gutters-col-v-2\">\n          <!---->\n          <div class=\"h-column h-column-container d-flex h-col-lg-auto h-col-md-auto h-col-auto style-1047-outer style-local-6017-c4-outer\">\n            <div data-colibri-id=\"6017-c4\" class=\"d-flex h-flex-basis h-column__inner h-px-lg-3 h-px-md-3 h-px-2 v-inner-lg-3 v-inner-md-3 v-inner-2 style-1047 style-local-6017-c4 position-relative\">\n              <!---->\n              <!---->\n              <div class=\"w-100 h-y-container h-column__content h-column__v-align flex-basis-100 align-self-lg-center align-self-md-center align-self-center\">\n                <!---->\n                <div data-colibri-id=\"6017-c5\" class=\"h-text h-text-component style-1050 style-local-6017-c5 position-relative h-element\">\n                  <!---->\n                  <!---->\n                  <div class=\"\">\n                    <h4>\n                      <br>\n                    <\/h4>\n                    <p><strong>Webdesign Pilich<br><\/strong><\/p>\n                    <p>Inhaber: M.Pilich<\/p>\n                    <p>Bendstra\u00dfe 54, 52134 Herzogenrath\n                      <br>\n                    <\/p>\n                    <p>Deutschland<\/p>\n                    <p>Ust. IdNr.:202\/5319\/2392<\/p>\n                    <p>Telefon: 01795667821<\/p>\n                    <p>E-Mail: pilichmag@gmail.com<\/p>\n                    <p>&nbsp;<\/p>\n                  <\/div>\n                <\/div>\n              <\/div>\n            <\/div>\n          <\/div>\n        <\/div>\n      <\/div>\n    <\/div>\n  <\/div>\n  <div data-colibri-component=\"section\" data-colibri-id=\"6017-c6\" id=\"overlappable\" class=\"h-section h-section-global-spacing d-flex align-items-lg-center align-items-md-center align-items-center style-1038 style-local-6017-c6 position-relative\">\n    <!---->\n    <!---->\n    <div class=\"h-section-grid-container h-section-boxed-container\">\n      <!---->\n      <div data-colibri-id=\"6017-c7\" class=\"h-row-container gutters-row-lg-0 gutters-row-md-0 gutters-row-2 gutters-row-v-lg-0 gutters-row-v-md-0 gutters-row-v-2 style-1039 style-local-6017-c7 position-relative\">\n        <!---->\n        <div class=\"h-row justify-content-lg-center justify-content-md-center justify-content-center align-items-lg-stretch align-items-md-stretch align-items-stretch gutters-col-lg-0 gutters-col-md-0 gutters-col-2 gutters-col-v-lg-0 gutters-col-v-md-0 gutters-col-v-2\">\n          <!---->\n          <div class=\"h-column h-column-container d-flex h-col-lg-auto h-col-md-auto h-col-auto style-1040-outer style-local-6017-c8-outer\">\n            <div data-colibri-id=\"6017-c8\" class=\"d-flex h-flex-basis h-column__inner h-px-lg-3 h-px-md-3 h-px-2 v-inner-lg-3 v-inner-md-3 v-inner-2 style-1040 style-local-6017-c8 position-relative\">\n              <!---->\n              <!---->\n              <div class=\"w-100 h-y-container h-column__content h-column__v-align flex-basis-100 align-self-lg-center align-self-md-center align-self-center\">\n                <!---->\n                <div data-colibri-id=\"6017-c9\" class=\"h-text h-text-component style-1043 style-local-6017-c9 position-relative h-element\">\n                  <!---->\n                  <!---->\n                  <div class=\"\">\n                    <p><strong>Weiteres<\/strong><\/p>\n                    <p>Diese Webseite wurde erstellt von:<\/p>\n                    <p>\n                      <a href=\"https:\/\/webdesign-pilich.de\" draggable=\"false\"> https:\/\/webdesign-pilich.de\/<\/a>\n                    <\/p>\n                    <p><strong>Datenschutz \u2013 Geltungsbereich<\/strong><\/p>\n                    <p>Diese Datenschutzerkl\u00e4rung kl\u00e4rt Nutzer \u00fcber die Art, den Umfang und Zwecke der Erhebung und Verwendung personenbezogener Daten durch den verantwortlichen Anbieter<\/p>\n                    <p>Webdesign Pilich, Bendstra\u00dfe 54, 52134 Herzogenrath, pilichmag@gmail.com, Tel.-Nr.:+ 49 1795667821auf dieser Website (im folgenden \u201cAngebot\u201d) auf.Die rechtlichen Grundlagen des Datenschutzes finden sich im Bundesdatenschutzgesetz (BDSG)\n                      und dem Telemediengesetz (TMG).<\/p>\n                    <p><strong>Datenschutz \u2013 Zugriffsdaten\/ Server-Logfiles<\/strong><\/p>\n                    <p>Der Anbieter (beziehungsweise sein Webspace-Provider) erhebt Daten \u00fcber jeden Zugriff auf das Angebot (so genannte Serverlogfiles). Zu den Zugriffsdaten geh\u00f6ren:<\/p>\n                    <p>Name der abgerufenen Webseite, Datei, Datum und Uhrzeit des Abrufs, \u00fcbertragene Datenmenge, Meldung \u00fcber erfolgreichen Abruf, Browsertyp nebst Version, das Betriebssystem des Nutzers, Referrer URL (die zuvor besuchte Seite), IP-Adresse\n                      und der anfragende Provider.<\/p>\n                    <p>Der Anbieter verwendet die Protokolldaten nur f\u00fcr statistische Auswertungen zum Zweck des Betriebs, der Sicherheit und der Optimierung des Angebotes. Der Anbieterbeh\u00e4lt sich jedoch vor, die Protokolldaten nachtr\u00e4glich zu \u00fcberpr\u00fcfen,\n                      wenn aufgrund konkreter Anhaltspunkte der berechtigte Verdacht einer rechtswidrigen Nutzung besteht.<\/p>\n                    <p><strong>Datenschutz \u2013 Kontaktaufnahme<\/strong><\/p>\n                    <p>Bei der Kontaktaufnahme mit dem Anbieter (zum Beispiel per Kontaktformular oder E-Mail) werden die Angaben des Nutzers zwecks Bearbeitung der Anfrage sowie f\u00fcr den Fall, dass Anschlussfragen entstehen, gespeichert.<\/p>\n                    <p><strong>Datenschutz \u2013 Cookies<\/strong><\/p>\n                    <p>Cookies sind kleine Dateien, die es erm\u00f6glichen, auf dem Zugriffsger\u00e4t der Nutzer (PC, Smartphone o.\u00e4.) spezifische, auf das Ger\u00e4t bezogene Informationen zu speichern. Sie dienen zum einem der Benutzerfreundlichkeit von Webseiten und\n                      damit den Nutzern (z.B. Speicherung von Logindaten). Zum anderen dienen sie, um die statistische Daten der Webseitennutzung zu erfassen und sie zwecks Verbesserung des Angebotes analysieren zu k\u00f6nnen. Die Nutzer k\u00f6nnen auf den Einsatz\n                      der Cookies Einfluss nehmen. Die meisten Browser verf\u00fcgen eine Option mit der das Speichern von Cookies eingeschr\u00e4nkt oder komplett verhindert wird. Allerdings wird darauf hingewiesen, dass die Nutzung und insbesondere der Nutzungskomfort\n                      ohne Cookies eingeschr\u00e4nkt werden.<\/p>\n                    <p>Sie k\u00f6nnen viele Online-Anzeigen-Cookies von Unternehmen \u00fcber die US-amerikanische Seite\n                      <a href=\"http:\/\/www.aboutads.info\/choices\" class=\"customize-unpreviewable\" draggable=\"false\">http:\/\/www.aboutads.info\/choices\/<\/a> oder die EU-Seite\n                      <a href=\"http:\/\/www.youronlinechoices.com\/uk\/your-ad-choices\" class=\"customize-unpreviewable\" draggable=\"false\">http:\/\/www.youronlinechoices.com\/uk\/your-ad-choices\/ <\/a> verwalten.<\/p>\n                    <p><strong>Datenschutz \u2013 Widerruf, \u00c4nderungen, Berichtigungen und Aktualisierungen<\/strong><\/p>\n                    <p>Der Nutzer hat das Recht, auf Antrag unentgeltlich Auskunft zu erhalten \u00fcber die personenbezogenen Daten, die \u00fcber ihn gespeichert wurden. Zus\u00e4tzlich hat der Nutzer das Recht auf Berichtigung unrichtiger Daten, Sperrung und L\u00f6schung\n                      seiner personenbezogenen Daten, soweit dem keine gesetzliche Aufbewahrungspflicht entgegensteht.<\/p>\n                  <\/div>\n                <\/div>\n              <\/div>\n            <\/div>\n          <\/div>\n        <\/div>\n      <\/div>\n    <\/div>\n  <\/div>\n<\/div>","protected":false},"excerpt":{"rendered":"<p>Webdesign Pilich Inhaber: M.Pilich Bendstra\u00dfe 54, 52134 Herzogenrath Deutschland Ust. IdNr.:202\/5319\/2392 Telefon: 01795667821 E-Mail: pilichmag@gmail.com &nbsp; Weiteres Diese Webseite wurde erstellt von: https:\/\/webdesign-pilich.de\/ Datenschutz \u2013 Geltungsbereich Diese Datenschutzerkl\u00e4rung kl\u00e4rt Nutzer \u00fcber die Art, den Umfang und Zwecke der Erhebung und Verwendung personenbezogener Daten durch den verantwortlichen Anbieter Webdesign Pilich, Bendstra\u00dfe 54, 52134 Herzogenrath, pilichmag@gmail.com, Tel.-Nr.:+ [&hellip;]<\/p>\n","protected":false},"author":1,"featured_media":0,"parent":0,"menu_order":0,"comment_status":"closed","ping_status":"closed","template":"page-templates\/full-width-page.php","meta":{"footnotes":""},"class_list":["post-6017","page","type-page","status-publish","hentry"],"_links":{"self":[{"href":"https:\/\/webdesign-pilich.de\/index.php?rest_route=\/wp\/v2\/pages\/6017","targetHints":{"allow":["GET"]}}],"collection":[{"href":"https:\/\/webdesign-pilich.de\/index.php?rest_route=\/wp\/v2\/pages"}],"about":[{"href":"https:\/\/webdesign-pilich.de\/index.php?rest_route=\/wp\/v2\/types\/page"}],"author":[{"embeddable":true,"href":"https:\/\/webdesign-pilich.de\/index.php?rest_route=\/wp\/v2\/users\/1"}],"replies":[{"embeddable":true,"href":"https:\/\/webdesign-pilich.de\/index.php?rest_route=%2Fwp%2Fv2%2Fcomments&post=6017"}],"version-history":[{"count":5,"href":"https:\/\/webdesign-pilich.de\/index.php?rest_route=\/wp\/v2\/pages\/6017\/revisions"}],"predecessor-version":[{"id":6100,"href":"https:\/\/webdesign-pilich.de\/index.php?rest_route=\/wp\/v2\/pages\/6017\/revisions\/6100"}],"wp:attachment":[{"href":"https:\/\/webdesign-pilich.de\/index.php?rest_route=%2Fwp%2Fv2%2Fmedia&parent=6017"}],"curies":[{"name":"wp","href":"https:\/\/api.w.org\/{rel}","templated":true}]}}